{"id":530,"date":"2025-02-16T02:16:18","date_gmt":"2025-02-16T02:16:18","guid":{"rendered":"https:\/\/www.eye-power.cz\/?page_id=530"},"modified":"2025-02-16T13:26:08","modified_gmt":"2025-02-16T13:26:08","slug":"zasady-zpracovani-osobnich-udaju","status":"publish","type":"page","link":"https:\/\/www.eye-power.cz\/?page_id=530","title":{"rendered":"Z\u00e1sady zpracov\u00e1n\u00ed osobn\u00edch \u00fadaj\u016f"},"content":{"rendered":"<p>Obchodn\u00ed spole\u010dnost Mirami Media s.r.o., se s\u00eddlem K V\u011btrovu 535, 25168 Kamenice, I\u010c: 02668122, zapsan\u00e1 v Obchodn\u00edm rejst\u0159\u00edku veden\u00e9m u M\u011bstsk\u00e9ho soudu v Praze, spisov\u00e1 zna\u010dka: C 221646 (d\u00e1le jen \u201e<strong>spr\u00e1vce\u00a0<\/strong>\u201c) t\u00edmto v souladu s ustanoven\u00edm \u010dl\u00e1nku 12 a n\u00e1sl. Na\u0159\u00edzen\u00ed Evropsk\u00e9ho parlamentu a Rady (EU) 2016\/679 \u00fa\u010dinn\u00e9ho od 25.5.2018 informuje sv\u00e9 z\u00e1kazn\u00edky o zpracov\u00e1n\u00ed jejich osobn\u00edch \u00fadaj\u016f v p\u0159\u00edpad\u011b, \u017ee vyu\u017eij\u00ed jejich slu\u017eeb.<\/p><h2 class=\"wp-block-heading\">Osobn\u00ed \u00fadaje<\/h2><p>Spr\u00e1vcem budou zpracov\u00e1v\u00e1ny Va\u0161e n\u00e1sleduj\u00edc\u00ed osobn\u00ed \u00fadaje:<\/p><ul class=\"wp-block-list\"><li>Jm\u00e9no a p\u0159\u00edjmen\u00ed,<\/li>\n\n<li>adresa,<\/li>\n\n<li>telefonn\u00ed \u010d\u00edslo,<\/li>\n\n<li>e-mail,<\/li>\n\n<li>v p\u0159\u00edpad\u011b podnikaj\u00edc\u00edch osob I\u010c, DI\u010c (d\u00e1le jen \u201e<strong>osobn\u00ed \u00fadaje<\/strong>\u201c)<\/li><\/ul><h3 class=\"wp-block-heading\">\u00da\u010del zpracov\u00e1n\u00ed<\/h3><p>\u00da\u010delem zpracov\u00e1n\u00ed osobn\u00edch \u00fadaj\u016f je pln\u011bn\u00ed pr\u00e1vn\u00edch povinnost\u00ed spr\u00e1vce vypl\u00fdvaj\u00edc\u00edch z obsahu uzav\u0159en\u00e9 smlouvy mezi V\u00e1mi jako kupuj\u00edc\u00edm a spr\u00e1vcem jako prod\u00e1vaj\u00edc\u00edm, a pln\u011bn\u00ed pr\u00e1vn\u00edch povinnost\u00ed spr\u00e1vce vypl\u00fdvaj\u00edc\u00edch z obecn\u011b z\u00e1vazn\u00fdch pr\u00e1vn\u00edch p\u0159edpis\u016f.<\/p><h3 class=\"wp-block-heading\">P\u0159\u00edjemci osobn\u00edch \u00fadaj\u016f<\/h3><p>Osobn\u00ed \u00fadaje zpracov\u00e1van\u00e9 pro pln\u011bn\u00ed povinnost\u00ed vypl\u00fdvaj\u00edc\u00edch ze zvl\u00e1\u0161tn\u00edch pr\u00e1vn\u00edch p\u0159edpis\u016f spr\u00e1vce m\u016f\u017ee v od\u016fvodn\u011bn\u00fdch p\u0159\u00edpadech p\u0159edat org\u00e1n\u016fm \u010dinn\u00fdm v trestn\u00edm \u0159\u00edzen\u00ed. V\u00e1mi poskytnut\u00e9 osobn\u00ed \u00fadaje m\u016f\u017ee t\u00e9\u017e spr\u00e1vce poskytnout d\u00e1le subjekt\u016fm:<\/p><ul class=\"wp-block-list\"><li>wpj s.r.o., CZ28860608<\/li>\n\n<li>Z\u00e1silkovna s.r.o., CZ28408306<\/li>\n\n<li>\u010cesk\u00e1 po\u0161ta, s.p., CZ47114983<\/li>\n\n<li>PPL CZ s.r.o., CZ25194798<\/li>\n\n<li>Geis CZ s.r.o., CZ44567359<\/li>\n\n<li>Direct Parcel Distribution CZ s. r. o., CZ61329266<\/li>\n\n<li>GOPAY s.r.o., I\u010c 26046768<\/li>\n\n<li>ESSOX s.r.o., CZ699001182<\/li>\n\n<li>Facebook Ireland Limited, IE9692928F<\/li>\n\n<li>Google Ireland Limited, IE6388047V<\/li>\n\n<li>Heureka Shopping s.r.o., CZ02387727<\/li>\n\n<li>Royal Mail Group Ltd.<\/li>\n\n<li>Light Power Health Ltd., GB247160514<\/li>\n\n<li>Stripe Inc. <\/li><\/ul><p>Pr\u00e1vn\u00edm d\u016fvodem je zde pln\u011bn\u00ed povinnost\u00ed z uzav\u0159en\u00e9 smlouvy se subjektem \u00fadaj\u016f a d\u00e1le t\u00e9\u017e opr\u00e1vn\u011bn\u00e9 z\u00e1jmy spr\u00e1vce \u010di t\u0159et\u00ed strany. Nejsou p\u0159ed\u00e1v\u00e1ny osobn\u00ed \u00fadaje n\u00e1le\u017e\u00edc\u00ed do skupiny zvl\u00e1\u0161tn\u00edch kategori\u00ed osobn\u00edch \u00fadaj\u016f.<\/p><h3 class=\"wp-block-heading\">Povinnost poskytnout osobn\u00ed \u00fadaje<\/h3><p>Osobn\u00ed \u00fadaje je nezbytn\u00e9 spr\u00e1vci poskytnout za \u00fa\u010delem pln\u011bn\u00ed pr\u00e1v a povinnost\u00ed vypl\u00fdvaj\u00edc\u00edch z obsahu uzav\u0159en\u00e9 smlouvy.<\/p><h3 class=\"wp-block-heading\">Doba zpracov\u00e1n\u00ed<\/h3><p>Osobn\u00ed \u00fadaje mohou b\u00fdt spr\u00e1vcem zpracov\u00e1v\u00e1ny po dobu nezbytnou k pln\u011bn\u00ed pr\u00e1v a povinnost\u00ed vypl\u00fdvaj\u00edc\u00edch z uzav\u0159en\u00e9 smlouvy, p\u0159\u00edpadn\u011b po dobu nezbytn\u011b nutnou k vy\u0159e\u0161en\u00ed spor\u016f maj\u00edc\u00edch sv\u016fj p\u016fvod v uzav\u0159en\u00e9 smlouv\u011b.<\/p><h3 class=\"wp-block-heading\">Pou\u010den\u00ed subjektu \u00fadaj\u016f<\/h3><p>Spole\u010dnost Mirami Media s.r.o. informuje sv\u00e9 z\u00e1kazn\u00edky, \u017ee maj\u00ed pr\u00e1vo:<\/p><ol class=\"wp-block-list\"><li>z\u00edskat od Spr\u00e1vce potvrzen\u00ed, zda osobn\u00ed \u00fadaje, kter\u00e9 se jich t\u00fdkaj\u00ed, jsou \u010di nejsou zpracov\u00e1v\u00e1ny, a pokud je tomu tak, maj\u00ed pr\u00e1vo z\u00edskat p\u0159\u00edstup k t\u011bmto osobn\u00edm \u00fadaj\u016fm a k n\u00e1sleduj\u00edc\u00edm informac\u00edm: \u00fa\u010dely zpracov\u00e1n\u00ed, kategorie dot\u010den\u00fdch osobn\u00edch \u00fadaj\u016f, p\u0159\u00edjemci nebo kategorie p\u0159\u00edjemc\u016f, kter\u00fdm osobn\u00ed \u00fadaje byly nebo budou zp\u0159\u00edstupn\u011bny, zejm\u00e9na p\u0159\u00edjemci ve t\u0159et\u00edch zem\u00edch nebo v mezin\u00e1rodn\u00edch organizac\u00edch, pl\u00e1novan\u00e1 doba, po kterou budou osobn\u00ed \u00fadaje ulo\u017eeny, nebo nen\u00ed-li ji mo\u017en\u00e9 ur\u010dit, krit\u00e9ria pou\u017eit\u00e1 ke stanoven\u00ed t\u00e9to doby, existence pr\u00e1va po\u017eadovat od spr\u00e1vce opravu nebo v\u00fdmaz osobn\u00edch \u00fadaj\u016f t\u00fdkaj\u00edc\u00edch se subjektu \u00fadaj\u016f nebo omezen\u00ed jejich zpracov\u00e1n\u00ed a nebo vzn\u00e9st n\u00e1mitku proti tomuto zpracov\u00e1n\u00ed, pr\u00e1vo podat st\u00ed\u017enost u dozorov\u00e9ho \u00fa\u0159adu.<\/li>\n\n<li>aby Spr\u00e1vce bez zbyte\u010dn\u00e9ho odkladu opravil nep\u0159esn\u00e9 osobn\u00ed \u00fadaje, kter\u00e9 se jich t\u00fdkaj\u00ed. S p\u0159ihl\u00e9dnut\u00edm k \u00fa\u010del\u016fm zpracov\u00e1n\u00ed maj\u00ed pr\u00e1vo na dopln\u011bn\u00ed ne\u00fapln\u00fdch osobn\u00edch \u00fadaj\u016f, a to i poskytnut\u00edm dodate\u010dn\u00e9ho prohl\u00e1\u0161en\u00ed.<\/li>\n\n<li>aby Spr\u00e1vce bez zbyte\u010dn\u00e9ho odkladu vymazal osobn\u00ed \u00fadaje, kter\u00e9 se jich t\u00fdkaj\u00ed, a Spr\u00e1vce m\u00e1 povinnost osobn\u00ed \u00fadaje bez zbyte\u010dn\u00e9ho odkladu vymazat, pokud je d\u00e1n jeden z t\u011bchto d\u016fvod\u016f: osobn\u00ed \u00fadaje ji\u017e nejsou pot\u0159ebn\u00e9 pro \u00fa\u010dely, pro kter\u00e9 byly shrom\u00e1\u017ed\u011bny nebo jinak zpracov\u00e1ny, z\u00e1kazn\u00edk odvol\u00e1 souhlas a nen\u00ed zde jin\u00fd leg\u00e1ln\u00ed titul pro jejich zpracov\u00e1n\u00ed, &nbsp;osobn\u00ed \u00fadaje byly zpracov\u00e1ny protipr\u00e1vn\u011b, osobn\u00ed \u00fadaje mus\u00ed b\u00fdt vymaz\u00e1ny ke spln\u011bn\u00ed pr\u00e1vn\u00ed povinnosti stanoven\u00e9 v pr\u00e1vu Unie nebo \u010dlensk\u00e9ho st\u00e1tu, kter\u00e9 se na spr\u00e1vce vztahuje.<\/li>\n\n<li>aby Spr\u00e1vce omezil zpracov\u00e1n\u00ed jejich osobn\u00edch \u00fadaj\u016f, pokud pop\u00edraj\u00ed jejich p\u0159esnost na dobu ov\u011b\u0159en\u00ed t\u00e9to skute\u010dnosti Spr\u00e1vcem, zpracov\u00e1n\u00ed je protipr\u00e1vn\u00ed, a Spr\u00e1vce \u017e\u00e1daj\u00ed m\u00edsto v\u00fdmazu o jejich omezen\u00e9 zpracov\u00e1n\u00ed, \u00fadaje ji\u017e nejsou pot\u0159ebn\u00e9 pro \u00fa\u010del zpracov\u00e1n\u00ed, av\u0161ak pot\u0159ebuji je pro ur\u010den\u00ed, v\u00fdkon nebo obhajobu pr\u00e1vn\u00edch n\u00e1rok\u016f.<\/li>\n\n<li>aby Spr\u00e1vce na jejich \u017e\u00e1dost p\u0159edal jejich osobn\u00ed \u00fadaje jin\u00e9mu jimi ur\u010den\u00e9mu Spr\u00e1vci.<\/li>\n\n<li>vzn\u00e9st n\u00e1mitku proti zpracov\u00e1n\u00ed m\u00fdch osobn\u00edch \u00fadaj\u016f u Spr\u00e1vce.<\/li>\n\n<li>v p\u0159\u00edpad\u011b pochybnost\u00ed o tom, zda jsou ze strany Spr\u00e1vce zpracov\u00e1v\u00e1ny jejich osobn\u00ed \u00fadaje ve smyslu v\u00fd\u0161e uveden\u00fdch pr\u00e1vn\u00edch p\u0159edpis\u016f obr\u00e1tit se jak na Spr\u00e1vce, tak na \u00da\u0159ad pro ochranu osobn\u00edch \u00fadaj\u016f<\/li><\/ol><p>V Praze dne 01.01.2025<\/p>","protected":false},"excerpt":{"rendered":"<p>Obchodn\u00ed spole\u010dnost Mirami Media s.r.o., se s\u00eddlem K V\u011btrovu 535, 25168 Kamenice, I\u010c: 02668122, zapsan\u00e1 v Obchodn\u00edm rejst\u0159\u00edku veden\u00e9m u M\u011bstsk\u00e9ho soudu v Praze, spisov\u00e1 zna\u010dka: C 221646 (d\u00e1le jen [&hellip;]<\/p>\n","protected":false},"author":1,"featured_media":0,"parent":0,"menu_order":0,"comment_status":"closed","ping_status":"closed","template":"","meta":{"footnotes":""},"class_list":["post-530","page","type-page","status-publish","hentry"],"jetpack_sharing_enabled":true,"_links":{"self":[{"href":"https:\/\/www.eye-power.cz\/index.php?rest_route=\/wp\/v2\/pages\/530","targetHints":{"allow":["GET"]}}],"collection":[{"href":"https:\/\/www.eye-power.cz\/index.php?rest_route=\/wp\/v2\/pages"}],"about":[{"href":"https:\/\/www.eye-power.cz\/index.php?rest_route=\/wp\/v2\/types\/page"}],"author":[{"embeddable":true,"href":"https:\/\/www.eye-power.cz\/index.php?rest_route=\/wp\/v2\/users\/1"}],"replies":[{"embeddable":true,"href":"https:\/\/www.eye-power.cz\/index.php?rest_route=%2Fwp%2Fv2%2Fcomments&post=530"}],"version-history":[{"count":3,"href":"https:\/\/www.eye-power.cz\/index.php?rest_route=\/wp\/v2\/pages\/530\/revisions"}],"predecessor-version":[{"id":537,"href":"https:\/\/www.eye-power.cz\/index.php?rest_route=\/wp\/v2\/pages\/530\/revisions\/537"}],"wp:attachment":[{"href":"https:\/\/www.eye-power.cz\/index.php?rest_route=%2Fwp%2Fv2%2Fmedia&parent=530"}],"curies":[{"name":"wp","href":"https:\/\/api.w.org\/{rel}","templated":true}]}}