{"id":362,"date":"2021-08-17T17:03:43","date_gmt":"2021-08-17T17:03:43","guid":{"rendered":"https:\/\/demo.athemes.com\/botiga\/?page_id=362"},"modified":"2025-02-17T23:06:48","modified_gmt":"2025-02-17T23:06:48","slug":"home-2","status":"publish","type":"page","link":"https:\/\/www.eye-power.cz\/","title":{"rendered":"Home"},"content":{"rendered":"<div id=\"athemes-blocks-block-3e209d3a\" class=\"wp-block-athemes-athemes-blocks-block-container athemes-blocks-block athemes-blocks-block-3e209d3a athemes-blocks-block-container alignfull\"><div class=\"athemes-blocks-block-container-wrapper athemes-blocks-block-container-bg-cover athemes-blocks-block-container-bg-effect-scroll\"><img class=\"athemes-blocks-background-image\" width=\"2048\" height=\"1138\" srcset=\"http:\/\/www.eye-power.cz\/wp-content\/uploads\/2025\/01\/bg-draft3-150x150.png 150w, http:\/\/www.eye-power.cz\/wp-content\/uploads\/2025\/01\/bg-draft3-300x167.png 300w, http:\/\/www.eye-power.cz\/wp-content\/uploads\/2025\/01\/bg-draft3-1024x569.png 1024w, http:\/\/www.eye-power.cz\/wp-content\/uploads\/2025\/01\/bg-draft3.png 2048w, \" sizes=\"(max-width: 2048px) 100vw, 2048px\" alt=\"\"\/><div class=\"athemes-blocks-block-container-wrapper-content\"><div class=\"wp-block-columns is-layout-flex wp-container-core-columns-is-layout-28f84493 wp-block-columns-is-layout-flex\"><div class=\"wp-block-column is-layout-flow wp-block-column-is-layout-flow\" style=\"flex-basis:66.66%\"><h2 class=\"wp-block-heading has-gigantic-font-size\">Eye-Power Red<\/h2>\n\n<p class=\"has-color-0-color has-text-color has-link-color has-larger-font-size wp-elements-428a9bf950e1bb1139ae027d8d41d472\">Jedine\u010dn\u00e9 a inovativn\u00ed za\u0159\u00edzen\u00ed pro p\u00e9\u010di o o\u010di, s syt\u011b \u010derven\u00fdm sv\u011btlem 670 nm, zalo\u017een\u00e9 na v\u011bdeck\u00e9m v\u00fdzkumu Lond\u00fdnsk\u00e9 university.<\/p>\n\n<div class=\"wp-block-buttons is-layout-flex wp-block-buttons-is-layout-flex\"><div class=\"wp-block-button\"><a class=\"wp-block-button__link wp-element-button\" href=\"https:\/\/www.eye-power.cz\/?product=bryle\">OBJEDnaT<\/a><\/div><\/div><\/div>\n\n<div class=\"wp-block-column is-layout-flow wp-block-column-is-layout-flow\" style=\"flex-basis:33.33%\"><\/div><\/div>\n\n<div class=\"wp-block-group\"><div class=\"wp-block-group__inner-container is-layout-constrained wp-block-group-is-layout-constrained\"><\/div><\/div><\/div><\/div><\/div><div style=\"height:70px\" aria-hidden=\"true\" class=\"wp-block-spacer\"><\/div><p class=\"has-text-align-center\"><strong>Produkt je vyvinut, designov\u00e1n, vyroben ve Velk\u00e9 Brit\u00e1nii. Kontrola kvality byla provedena ve Velk\u00e9 Brit\u00e1nii&nbsp;<\/strong> &nbsp; \ud83c\uddec\ud83c\udde7<\/p><div class=\"wp-block-columns is-layout-flex wp-container-core-columns-is-layout-28f84493 wp-block-columns-is-layout-flex\"><div class=\"wp-block-column is-layout-flow wp-block-column-is-layout-flow\" style=\"flex-basis:33.33%\"><figure class=\"wp-block-image size-full\"><img loading=\"lazy\" decoding=\"async\" width=\"600\" height=\"400\" src=\"http:\/\/www.eye-power.cz\/wp-content\/uploads\/2025\/01\/eyepower-eye.jpg\" alt=\"\" class=\"wp-image-431\" srcset=\"https:\/\/www.eye-power.cz\/wp-content\/uploads\/2025\/01\/eyepower-eye.jpg 600w, https:\/\/www.eye-power.cz\/wp-content\/uploads\/2025\/01\/eyepower-eye-300x200.jpg 300w, https:\/\/www.eye-power.cz\/wp-content\/uploads\/2025\/01\/eyepower-eye-575x383.jpg 575w, https:\/\/www.eye-power.cz\/wp-content\/uploads\/2025\/01\/eyepower-eye-380x253.jpg 380w, https:\/\/www.eye-power.cz\/wp-content\/uploads\/2025\/01\/eyepower-eye-420x280.jpg 420w\" sizes=\"auto, (max-width: 600px) 100vw, 600px\" \/><\/figure><\/div>\n\n<div class=\"wp-block-column is-layout-flow wp-block-column-is-layout-flow\" style=\"flex-basis:66%\"><h3 class=\"wp-block-heading\">JE V\u00c1M 40+ ?                                        NENECHTE SV\u00c9 O\u010cI ZEST\u00c1RNOUT!<\/h3>\n\n<p>M\u00e1lokdo v\u00ed, \u017ee ze v\u0161ech org\u00e1n\u016f ve va\u0161em t\u011ble st\u00e1rnou o\u010di nejrychleji.<br>Je to d\u00e1no obrovsk\u00fdm mno\u017estv\u00edm pr\u00e1ce, kterou mus\u00ed vykonat p\u0159i zachycov\u00e1n\u00ed a zpracov\u00e1n\u00ed obraz\u016f, co\u017e v\u00e1m umo\u017e\u0148uje \u201evid\u011bt\u201c a vn\u00edmat sv\u011bt kolem sebe.<br><strong>Aby tuto n\u00e1ro\u010dnou \u00falohu zvl\u00e1dly, spot\u0159ebov\u00e1vaj\u00ed o\u010di neoby\u010dejn\u00e9 mno\u017estv\u00ed energie.<\/strong><br>Tato energie se vyr\u00e1b\u00ed <strong>v mitochondri\u00edch<\/strong> uvnit\u0159 bun\u011bk s\u00edtnice, kter\u00e1 se nach\u00e1z\u00ed v zadn\u00ed \u010d\u00e1sti oka.<\/p><\/div><\/div><div style=\"height:27px\" aria-hidden=\"true\" class=\"wp-block-spacer\"><\/div><div class=\"wp-block-columns is-layout-flex wp-container-core-columns-is-layout-28f84493 wp-block-columns-is-layout-flex\"><div class=\"wp-block-column is-layout-flow wp-block-column-is-layout-flow\" style=\"flex-basis:50%\"><h3 class=\"wp-block-heading\">PROBL\u00c9M ST\u00c1RNUT\u00cd O\u010c\u00cd<\/h3>\n\n<p><strong>Po \u010dty\u0159ic\u00edtce<\/strong> se za\u010d\u00ednaj\u00ed objevovat m\u011b\u0159iteln\u00e9 zn\u00e1mky zhor\u0161en\u00ed zraku.<br>Ve v\u011bku 70 let ztrat\u00ed va\u0161e s\u00edtnice p\u0159ibli\u017en\u011b 30 % sv\u00e9 schopnosti zpracov\u00e1vat obrazy.<br>Podobn\u011b jako baterie telefonu postupn\u011b ztr\u00e1c\u00ed schopnost pln\u011b se nab\u00edt, i va\u0161e o\u010di s v\u011bkem sl\u00e1bnou.<\/p>\n\n<p>U lid\u00ed kolem 40 let za\u010dnou bu\u0148ky v s\u00edtnici oka st\u00e1rnout a tempo tohoto st\u00e1rnut\u00ed je \u010d\u00e1ste\u010dn\u011b zp\u016fsobeno t\u00edm, \u017ee za\u010dnou klesat i mitochondrie bu\u0148ky, jejich\u017e \u00falohou je produkovat energii (zn\u00e1mou jako ATP) a posilovat bun\u011b\u010dnou funkci.<\/p><\/div>\n\n<div class=\"wp-block-column is-layout-flow wp-block-column-is-layout-flow\" style=\"flex-basis:40%\"><div class=\"wp-block-image\"><figure class=\"aligncenter size-full\" style=\"margin-top:var(--wp--preset--spacing--70);margin-bottom:var(--wp--preset--spacing--70)\"><img loading=\"lazy\" decoding=\"async\" width=\"600\" height=\"400\" src=\"https:\/\/www.eye-power.cz\/wp-content\/uploads\/2025\/01\/eyepower-relax.jpg\" alt=\"\" class=\"wp-image-434\" srcset=\"https:\/\/www.eye-power.cz\/wp-content\/uploads\/2025\/01\/eyepower-relax.jpg 600w, https:\/\/www.eye-power.cz\/wp-content\/uploads\/2025\/01\/eyepower-relax-300x200.jpg 300w, https:\/\/www.eye-power.cz\/wp-content\/uploads\/2025\/01\/eyepower-relax-575x383.jpg 575w, https:\/\/www.eye-power.cz\/wp-content\/uploads\/2025\/01\/eyepower-relax-380x253.jpg 380w, https:\/\/www.eye-power.cz\/wp-content\/uploads\/2025\/01\/eyepower-relax-420x280.jpg 420w\" sizes=\"auto, (max-width: 600px) 100vw, 600px\" \/><\/figure><\/div><\/div><\/div><p>Mitochondri\u00e1ln\u00ed hustota je nejv\u011bt\u0161\u00ed ve fotoreceptorov\u00fdch bu\u0148k\u00e1ch s\u00edtnice, kter\u00e9 maj\u00ed vysok\u00e9 energetick\u00e9 n\u00e1roky. V\u00fdsledkem je, \u017ee s\u00edtnice st\u00e1rne rychleji ne\u017e jin\u00e9 org\u00e1ny, se 70% sn\u00ed\u017een\u00edm ATP v pr\u016fb\u011bhu \u017eivota, co\u017e zp\u016fsobuje v\u00fdznamn\u00fd pokles funkce fotoreceptor\u016f, proto\u017ee jim chyb\u00ed energie k pln\u011bn\u00ed jejich norm\u00e1ln\u00ed role.<\/p><p>Postupn\u00e9 opot\u0159ebov\u00e1n\u00ed bun\u011bk v o\u010d\u00edch ovliv\u0148uje nejen kvalitu va\u0161eho vid\u011bn\u00ed, ale tak\u00e9 zvy\u0161uje riziko vzniku o\u010dn\u00edch onemocn\u011bn\u00ed, jako je v\u011bkem podm\u00edn\u011bn\u00e1 makul\u00e1rn\u00ed degenerace (AMD) nebo glaukom.<\/p><div style=\"height:27px\" aria-hidden=\"true\" class=\"wp-block-spacer\"><\/div><div class=\"wp-block-columns is-layout-flex wp-container-core-columns-is-layout-28f84493 wp-block-columns-is-layout-flex\"><div class=\"wp-block-column is-layout-flow wp-block-column-is-layout-flow\" style=\"flex-basis:33.33%\"><figure class=\"wp-block-image size-full\"><img loading=\"lazy\" decoding=\"async\" width=\"842\" height=\"538\" src=\"https:\/\/www.eye-power.cz\/wp-content\/uploads\/2025\/01\/2024-03-05_09-23-57.jpg\" alt=\"\" class=\"wp-image-439\" srcset=\"https:\/\/www.eye-power.cz\/wp-content\/uploads\/2025\/01\/2024-03-05_09-23-57.jpg 842w, https:\/\/www.eye-power.cz\/wp-content\/uploads\/2025\/01\/2024-03-05_09-23-57-300x192.jpg 300w, https:\/\/www.eye-power.cz\/wp-content\/uploads\/2025\/01\/2024-03-05_09-23-57-768x491.jpg 768w, https:\/\/www.eye-power.cz\/wp-content\/uploads\/2025\/01\/2024-03-05_09-23-57-575x367.jpg 575w, https:\/\/www.eye-power.cz\/wp-content\/uploads\/2025\/01\/2024-03-05_09-23-57-380x243.jpg 380w, https:\/\/www.eye-power.cz\/wp-content\/uploads\/2025\/01\/2024-03-05_09-23-57-420x268.jpg 420w, https:\/\/www.eye-power.cz\/wp-content\/uploads\/2025\/01\/2024-03-05_09-23-57-800x511.jpg 800w\" sizes=\"auto, (max-width: 842px) 100vw, 842px\" \/><\/figure><\/div>\n\n<div class=\"wp-block-column is-layout-flow wp-block-column-is-layout-flow\" style=\"flex-basis:66.66%\"><h3 class=\"wp-block-heading\">DOP\u0158EJTE SV\u00ddM O\u010c\u00cdM PRAVIDELN\u00dd TR\u00c9NINK S EYE-POWER RED<\/h3>\n\n<p><strong>Syt\u011b \u010derven\u00e9 sv\u011btlo je kl\u00ed\u010dem k udr\u017een\u00ed zdrav\u00fdch o\u010d\u00ed i s p\u0159ib\u00fdvaj\u00edc\u00edm v\u011bkem \u2013 sta\u010d\u00ed pouh\u00e1  t\u0159\u00ed minutov\u00e1 terapie r\u00e1no jednou t\u00fddn\u011b<\/strong>!<br>Ned\u00e1vn\u00e9 studie proveden\u00e9 r\u016fzn\u00fdmi v\u00fdzkumn\u00fdmi t\u00fdmy, v\u010detn\u011b Katedry oftalmologie na University College London, americk\u00e9 spole\u010dnosti Lumithera a v\u011bdc\u016f v \u010d\u00ednsk\u00e9m Kantonu, prok\u00e1zaly pozitivn\u00ed \u00fa\u010dinky hlubok\u00e9ho <strong>\u010derven\u00e9ho sv\u011btla o vlnov\u00e9 d\u00e9lce 670 nm<\/strong> na zdrav\u00ed o\u010d\u00ed.<\/p><\/div><\/div><div style=\"height:27px\" aria-hidden=\"true\" class=\"wp-block-spacer\"><\/div><div class=\"wp-block-columns is-layout-flex wp-container-core-columns-is-layout-28f84493 wp-block-columns-is-layout-flex\"><div class=\"wp-block-column is-layout-flow wp-block-column-is-layout-flow\" style=\"flex-basis:66.66%\"><h3 class=\"wp-block-heading\">JAK FUNGUJE \u010cERVEN\u00c9 SV\u011aTLO 670 NM?<\/h3>\n\n<p>Syt\u011b \u010derven\u00e9 sv\u011btlo se p\u0159irozen\u011b vyskytuje ve slune\u010dn\u00edm z\u00e1\u0159en\u00ed, m\u00e1 dlouhou vlnovou d\u00e9lku a n\u00edzkou energii, tak\u017ee je pro o\u010di zcela bezpe\u010dn\u00e9.<br><strong>Sv\u011btlo o vlnov\u00e9 d\u00e9lce 670 nm pronik\u00e1 dostate\u010dn\u011b hluboko do s\u00edtnice, kde efektivn\u011b \u201edob\u00edj\u00ed\u201c miniaturn\u00ed baterie v bu\u0148k\u00e1ch<\/strong>.<br><strong>T\u011bmito bateriemi jsou mitochondrie,<\/strong> kter\u00e9 hraj\u00ed kl\u00ed\u010dovou roli v regulaci procesu st\u00e1rnut\u00ed.<\/p><\/div>\n\n<div class=\"wp-block-column is-layout-flow wp-block-column-is-layout-flow\" style=\"flex-basis:33.33%\"><figure class=\"wp-block-image size-full\"><img loading=\"lazy\" decoding=\"async\" width=\"800\" height=\"450\" src=\"http:\/\/www.eye-power.cz\/wp-content\/uploads\/2025\/01\/Product-page-device-1-landscape.jpg\" alt=\"\" class=\"wp-image-416\" srcset=\"https:\/\/www.eye-power.cz\/wp-content\/uploads\/2025\/01\/Product-page-device-1-landscape.jpg 800w, https:\/\/www.eye-power.cz\/wp-content\/uploads\/2025\/01\/Product-page-device-1-landscape-300x169.jpg 300w, https:\/\/www.eye-power.cz\/wp-content\/uploads\/2025\/01\/Product-page-device-1-landscape-768x432.jpg 768w, https:\/\/www.eye-power.cz\/wp-content\/uploads\/2025\/01\/Product-page-device-1-landscape-575x323.jpg 575w, https:\/\/www.eye-power.cz\/wp-content\/uploads\/2025\/01\/Product-page-device-1-landscape-380x214.jpg 380w, https:\/\/www.eye-power.cz\/wp-content\/uploads\/2025\/01\/Product-page-device-1-landscape-420x236.jpg 420w, https:\/\/www.eye-power.cz\/wp-content\/uploads\/2025\/01\/Product-page-device-1-landscape-80x45.jpg 80w\" sizes=\"auto, (max-width: 800px) 100vw, 800px\" \/><\/figure><\/div><\/div><div style=\"height:100px\" aria-hidden=\"true\" class=\"wp-block-spacer\"><\/div><div class=\"wp-block-group is-layout-grid wp-container-core-group-is-layout-29271053 wp-block-group-is-layout-grid\"><div class=\"wp-block-group is-vertical is-layout-flex wp-container-core-group-is-layout-fe9cc265 wp-block-group-is-layout-flex\"><h5 class=\"wp-block-heading has-text-align-left\">\u2714 <strong>\u00da\u010cINN\u00c9<\/strong><\/h5>\n\n<p>Syt\u011b \u010derven\u00e9 sv\u011btlo v oblasti bl\u00edzk\u00e9ho infra\u010derven\u00e9ho z\u00e1\u0159en\u00ed p\u0159\u00edmo zlep\u0161uje efektivitu mitochondri\u00ed p\u0159i tvorb\u011b ATP.<\/p><\/div>\n\n<div class=\"wp-block-group is-vertical is-layout-flex wp-container-core-group-is-layout-fe9cc265 wp-block-group-is-layout-flex\"><h5 class=\"wp-block-heading\">\u2714 <strong>BEZPE\u010cN\u00c9<\/strong><\/h5>\n\n<p>Syt\u011b \u010derven\u00e9 sv\u011btlo v bl\u00edzk\u00e9m infra\u010derven\u00e9m spektru bylo testov\u00e1no na University College London jako bezpe\u010dn\u00fd zdroj z\u00e1\u0159en\u00ed.<\/p><\/div>\n\n<div class=\"wp-block-group wp-container-content-b4c5012d is-vertical is-layout-flex wp-container-core-group-is-layout-fe9cc265 wp-block-group-is-layout-flex\"><h5 class=\"wp-block-heading\">\u2714 <strong>DOSTUPN\u00c9<\/strong><\/h5>\n\n<p>\u0158e\u0161en\u00ed pro dom\u00e1c\u00ed pou\u017eit\u00ed za zlomek ceny specializovan\u00fdch klinik a optik\u016f.<\/p><\/div>\n\n<div class=\"wp-block-group wp-container-content-b4c5012d is-vertical is-layout-flex wp-container-core-group-is-layout-fe9cc265 wp-block-group-is-layout-flex\"><h5 class=\"wp-block-heading\">\u2714 <strong>LEHK\u00c9 A KOMPAKTN\u00cd<\/strong><\/h5>\n\n<p>Lehk\u00fd a kompaktn\u00ed design umo\u017e\u0148uje snadnou p\u0159enosnost, tak\u017ee si m\u016f\u017eete dop\u0159\u00e1t p\u00e9\u010di o o\u010di kdekoli.<\/p><\/div><\/div><div style=\"height:100px\" aria-hidden=\"true\" class=\"wp-block-spacer\"><\/div><div style=\"height:90px\" aria-hidden=\"true\" class=\"wp-block-spacer\"><\/div>","protected":false},"excerpt":{"rendered":"<p>Produkt je vyvinut, designov\u00e1n, vyroben ve Velk\u00e9 Brit\u00e1nii. Kontrola kvality byla provedena ve Velk\u00e9 Brit\u00e1nii&nbsp; &nbsp; \ud83c\uddec\ud83c\udde7 JE V\u00c1M 40+ ? NENECHTE SV\u00c9 O\u010cI ZEST\u00c1RNOUT! M\u00e1lokdo v\u00ed, \u017ee ze v\u0161ech [&hellip;]<\/p>\n","protected":false},"author":1,"featured_media":0,"parent":0,"menu_order":0,"comment_status":"closed","ping_status":"closed","template":"","meta":{"footnotes":""},"class_list":["post-362","page","type-page","status-publish","hentry"],"jetpack_sharing_enabled":true,"_links":{"self":[{"href":"https:\/\/www.eye-power.cz\/index.php?rest_route=\/wp\/v2\/pages\/362","targetHints":{"allow":["GET"]}}],"collection":[{"href":"https:\/\/www.eye-power.cz\/index.php?rest_route=\/wp\/v2\/pages"}],"about":[{"href":"https:\/\/www.eye-power.cz\/index.php?rest_route=\/wp\/v2\/types\/page"}],"author":[{"embeddable":true,"href":"https:\/\/www.eye-power.cz\/index.php?rest_route=\/wp\/v2\/users\/1"}],"replies":[{"embeddable":true,"href":"https:\/\/www.eye-power.cz\/index.php?rest_route=%2Fwp%2Fv2%2Fcomments&post=362"}],"version-history":[{"count":28,"href":"https:\/\/www.eye-power.cz\/index.php?rest_route=\/wp\/v2\/pages\/362\/revisions"}],"predecessor-version":[{"id":575,"href":"https:\/\/www.eye-power.cz\/index.php?rest_route=\/wp\/v2\/pages\/362\/revisions\/575"}],"wp:attachment":[{"href":"https:\/\/www.eye-power.cz\/index.php?rest_route=%2Fwp%2Fv2%2Fmedia&parent=362"}],"curies":[{"name":"wp","href":"https:\/\/api.w.org\/{rel}","templated":true}]}}